{"id":74,"date":"2025-02-19T08:44:46","date_gmt":"2025-02-19T08:44:46","guid":{"rendered":"https:\/\/hidrinks.dk\/?page_id=74"},"modified":"2025-12-15T11:42:41","modified_gmt":"2025-12-15T10:42:41","slug":"about","status":"publish","type":"page","link":"https:\/\/hidrinks.dk\/en\/about\/","title":{"rendered":"About"},"content":{"rendered":"<div data-elementor-type=\"wp-page\" data-elementor-id=\"74\" class=\"elementor elementor-74\">\n\t\t\t\t<div class=\"elementor-element elementor-element-4f3f5f1f e-flex e-con-boxed e-con e-parent\" data-id=\"4f3f5f1f\" data-element_type=\"container\">\n\t\t\t\t\t<div class=\"e-con-inner\">\n\t\t\t\t<div class=\"elementor-element elementor-element-6dbb27be elementor-widget elementor-widget-text-editor\" data-id=\"6dbb27be\" data-element_type=\"widget\" data-widget_type=\"text-editor.default\">\n\t\t\t\t<div class=\"elementor-widget-container\">\n\t\t\t\t\t\t\t\t\t\n<div id=\"services\" class=\"wp-block-group alignfull is-vertical is-content-justification-center is-layout-flex wp-container-core-group-is-layout-b411c4a0 wp-block-group-is-layout-flex\" style=\"margin-top: 0; margin-bottom: 0; padding-top: 0px; padding-bottom: 0;\">\n<figure class=\"wp-block-image size-full is-resized\" style=\"margin-top: 0; margin-bottom: 0;\"><img fetchpriority=\"high\" decoding=\"async\" width=\"1920\" height=\"200\" class=\"wp-image-1408\" style=\"width: 643px; height: auto;\" src=\"https:\/\/hidrinks.dk\/wp-content\/uploads\/2025\/03\/page-breaker-1.png\" alt=\"\" \/><\/figure>\n\n<div class=\"wp-block-columns is-layout-flex wp-container-core-columns-is-layout-28f84493 wp-block-columns-is-layout-flex\">\n<div class=\"wp-block-column is-layout-flow wp-block-column-is-layout-flow\">\n<h3 class=\"wp-block-heading has-text-align-center has-ast-global-color-1-color has-text-color has-link-color wp-elements-73e89e0e05ffa4a96a5dc2977a86e332\" style=\"border-style: none; border-width: 0px; margin-top: -15px; margin-bottom: 0; padding-top: 0; padding-bottom: 0;\">Who we are<\/h3>\n<\/div>\n<\/div>\n\n<div class=\"wp-block-columns is-layout-flex wp-container-core-columns-is-layout-28f84493 wp-block-columns-is-layout-flex\">\n<div class=\"wp-block-column is-layout-flow wp-block-column-is-layout-flow\">\u00a0<\/div>\n<\/div>\n<\/div>\n\n<div class=\"wp-block-columns alignfull is-layout-flex wp-container-core-columns-is-layout-645f20dd wp-block-columns-is-layout-flex\" style=\"margin-top: var(--wp--preset--spacing--60); margin-bottom: 0; padding-top: 0; padding-bottom: 0;\">\n<div class=\"wp-block-column is-layout-flow wp-block-column-is-layout-flow\" style=\"flex-basis: 50%;\">\n<div class=\"wp-block-group alignfull has-ast-global-color-4-background-color has-background is-layout-constrained wp-container-core-group-is-layout-77056f67 wp-block-group-is-layout-constrained\" style=\"margin-top: 0; margin-bottom: 0; padding: 0;\">\n<figure class=\"wp-block-image aligncenter size-medium is-resized\" style=\"margin: 0;\"><img decoding=\"async\" width=\"300\" height=\"202\" class=\"wp-image-2360\" style=\"width: 492px; height: auto;\" src=\"https:\/\/hidrinks.dk\/wp-content\/uploads\/2025\/03\/Hi-who-we-are-300x202.webp\" alt=\"\" srcset=\"https:\/\/hidrinks.dk\/wp-content\/uploads\/2025\/03\/Hi-who-we-are-300x202.webp 300w, https:\/\/hidrinks.dk\/wp-content\/uploads\/2025\/03\/Hi-who-we-are-1024x689.webp 1024w, https:\/\/hidrinks.dk\/wp-content\/uploads\/2025\/03\/Hi-who-we-are-768x517.webp 768w, https:\/\/hidrinks.dk\/wp-content\/uploads\/2025\/03\/Hi-who-we-are-1536x1034.webp 1536w, https:\/\/hidrinks.dk\/wp-content\/uploads\/2025\/03\/Hi-who-we-are.webp 1920w, https:\/\/hidrinks.dk\/wp-content\/uploads\/2025\/03\/Hi-who-we-are-18x12.webp 18w\" sizes=\"(max-width: 300px) 100vw, 300px\" \/><\/figure>\n<\/div>\n<\/div>\n\n<div class=\"wp-block-column is-vertically-aligned-center is-layout-flow wp-container-core-column-is-layout-5ddddc0e wp-block-column-is-layout-flow\" style=\"font-size: 14px; padding: 1em;\">\n<div class=\"wp-block-group is-layout-constrained wp-block-group-is-layout-constrained\">\n<div class=\"wp-block-columns is-layout-flex wp-container-core-columns-is-layout-28f84493 wp-block-columns-is-layout-flex\">\n<div class=\"wp-block-column is-layout-flow wp-block-column-is-layout-flow\" style=\"padding: 0;\">\n<p>Hi was developed by two young entrepreneurs with one clear mission: to create a product made in Denmark, without artificial colourings, without preservatives, and without artificial sweeteners.<\/p>\n<p>Our journey began with a desire to change the value set of the market, and after several years of dedicated work refining the recipe, we found the perfect combination that makes our product an alternative that tastes fantastic \u2013 and is low carb at the same time.<\/p>\n<\/div>\n<\/div>\n<\/div>\n<\/div>\n<\/div>\n\n<div class=\"wp-block-spacer\" style=\"height: 50px;\" aria-hidden=\"true\">\u00a0<\/div>\n\t\t\t\t\t\t\t\t<\/div>\n\t\t\t\t<\/div>\n\t\t\t\t\t<\/div>\n\t\t\t\t<\/div>\n\t\t\t\t<\/div>","protected":false},"excerpt":{"rendered":"<p>Hvem er vi \u00a0 H\u00ef er udviklet af to unge iv\u00e6rks\u00e6ttere med \u00e9n klar mission: at skabe et produkt, der er fremstillet i Danmark, uden kunstige farvestoffer, uden konserveringsmidler og uden kunstige s\u00f8destoffer. Vores rejse startede med \u00f8nsket om at \u00e6ndre v\u00e6rdis\u00e6ttet p\u00e5 markedet, og efter flere \u00e5rs dedikeret arbejde med at forfine opskriften, fandt [&hellip;]<\/p>","protected":false},"author":1,"featured_media":0,"parent":0,"menu_order":0,"comment_status":"closed","ping_status":"closed","template":"","meta":{"_helpful_status":1,"_uag_custom_page_level_css":"","site-sidebar-layout":"no-sidebar","site-content-layout":"","ast-site-content-layout":"normal-width-container","site-content-style":"unboxed","site-sidebar-style":"default","ast-global-header-display":"","ast-banner-title-visibility":"","ast-main-header-display":"","ast-hfb-above-header-display":"","ast-hfb-below-header-display":"","ast-hfb-mobile-header-display":"","site-post-title":"disabled","ast-breadcrumbs-content":"","ast-featured-img":"","footer-sml-layout":"","theme-transparent-header-meta":"","adv-header-id-meta":"","stick-header-meta":"","header-above-stick-meta":"","header-main-stick-meta":"","header-below-stick-meta":"","astra-migrate-meta-layouts":"default","ast-page-background-enabled":"default","ast-page-background-meta":{"desktop":{"background-color":"var(--ast-global-color-5)","background-image":"","background-repeat":"repeat","background-position":"center center","background-size":"auto","background-attachment":"scroll","background-type":"","background-media":"","overlay-type":"","overlay-color":"","overlay-opacity":"","overlay-gradient":""},"tablet":{"background-color":"","background-image":"","background-repeat":"repeat","background-position":"center center","background-size":"auto","background-attachment":"scroll","background-type":"","background-media":"","overlay-type":"","overlay-color":"","overlay-opacity":"","overlay-gradient":""},"mobile":{"background-color":"","background-image":"","background-repeat":"repeat","background-position":"center center","background-size":"auto","background-attachment":"scroll","background-type":"","background-media":"","overlay-type":"","overlay-color":"","overlay-opacity":"","overlay-gradient":""}},"ast-content-background-meta":{"desktop":{"background-color":"var(--ast-global-color-4)","background-image":"","background-repeat":"repeat","background-position":"center center","background-size":"auto","background-attachment":"scroll","background-type":"","background-media":"","overlay-type":"","overlay-color":"","overlay-opacity":"","overlay-gradient":""},"tablet":{"background-color":"var(--ast-global-color-4)","background-image":"","background-repeat":"repeat","background-position":"center center","background-size":"auto","background-attachment":"scroll","background-type":"","background-media":"","overlay-type":"","overlay-color":"","overlay-opacity":"","overlay-gradient":""},"mobile":{"background-color":"var(--ast-global-color-4)","background-image":"","background-repeat":"repeat","background-position":"center center","background-size":"auto","background-attachment":"scroll","background-type":"","background-media":"","overlay-type":"","overlay-color":"","overlay-opacity":"","overlay-gradient":""}},"footnotes":""},"class_list":["post-74","page","type-page","status-publish","hentry"],"uagb_featured_image_src":{"full":false,"thumbnail":false,"medium":false,"medium_large":false,"large":false,"1536x1536":false,"2048x2048":false,"trp-custom-language-flag":false},"uagb_author_info":{"display_name":"admin","author_link":"https:\/\/hidrinks.dk\/en\/author\/admin\/"},"uagb_comment_info":0,"uagb_excerpt":"Hvem er vi \u00a0 H\u00ef er udviklet af to unge iv\u00e6rks\u00e6ttere med \u00e9n klar mission: at skabe et produkt, der er fremstillet i Danmark, uden kunstige farvestoffer, uden konserveringsmidler og uden kunstige s\u00f8destoffer. Vores rejse startede med \u00f8nsket om at \u00e6ndre v\u00e6rdis\u00e6ttet p\u00e5 markedet, og efter flere \u00e5rs dedikeret arbejde med at forfine opskriften, fandt&hellip;","_links":{"self":[{"href":"https:\/\/hidrinks.dk\/en\/wp-json\/wp\/v2\/pages\/74","targetHints":{"allow":["GET"]}}],"collection":[{"href":"https:\/\/hidrinks.dk\/en\/wp-json\/wp\/v2\/pages"}],"about":[{"href":"https:\/\/hidrinks.dk\/en\/wp-json\/wp\/v2\/types\/page"}],"author":[{"embeddable":true,"href":"https:\/\/hidrinks.dk\/en\/wp-json\/wp\/v2\/users\/1"}],"replies":[{"embeddable":true,"href":"https:\/\/hidrinks.dk\/en\/wp-json\/wp\/v2\/comments?post=74"}],"version-history":[{"count":74,"href":"https:\/\/hidrinks.dk\/en\/wp-json\/wp\/v2\/pages\/74\/revisions"}],"predecessor-version":[{"id":3998,"href":"https:\/\/hidrinks.dk\/en\/wp-json\/wp\/v2\/pages\/74\/revisions\/3998"}],"wp:attachment":[{"href":"https:\/\/hidrinks.dk\/en\/wp-json\/wp\/v2\/media?parent=74"}],"curies":[{"name":"wp","href":"https:\/\/api.w.org\/{rel}","templated":true}]}}