{"id":3551,"date":"2025-10-30T11:48:07","date_gmt":"2025-10-30T10:48:07","guid":{"rendered":"https:\/\/hidrinks.dk\/?page_id=3551"},"modified":"2025-12-11T16:28:31","modified_gmt":"2025-12-11T15:28:31","slug":"pineapple-peach","status":"publish","type":"page","link":"https:\/\/hidrinks.dk\/en\/products\/pineapple-peach\/","title":{"rendered":"Products &#8211; Pineapple \/ Peach"},"content":{"rendered":"<div data-elementor-type=\"wp-page\" data-elementor-id=\"3551\" class=\"elementor elementor-3551\">\n\t\t\t\t<div class=\"elementor-element elementor-element-27b2dd5 e-flex e-con-boxed e-con e-parent\" data-id=\"27b2dd5\" data-element_type=\"container\">\n\t\t\t\t\t<div class=\"e-con-inner\">\n\t\t\t\t<div class=\"elementor-element elementor-element-fd16b99 elementor-widget elementor-widget-html\" data-id=\"fd16b99\" data-element_type=\"widget\" data-widget_type=\"html.default\">\n\t\t\t\t<div class=\"elementor-widget-container\">\n\t\t\t\t\t<style>\r\n  .drink-card {\r\n    border: 1px solid orange;\r\n    border-radius: 8px;\r\n    padding: 20px;\r\n    background: #fff;\r\n    margin-bottom: 30px;\r\n    transition: opacity 0.4s ease-in-out;\r\n  }\r\n\r\n  .drink-card h2 {\r\n    border-bottom: 1px solid orange;\r\n    padding-bottom: 10px;\r\n    margin-bottom: 20px;\r\n    text-align: center;\r\n    color: #000;\r\n  }\r\n\r\n  .drink-content {\r\n    display: flex;\r\n    flex-wrap: wrap;\r\n    gap: 20px;\r\n  }\r\n\r\n  .drink-image {\r\n    flex: 1 1 40%;\r\n  }\r\n\r\n  .drink-image img {\r\n    width: 100%;\r\n    border: 1px solid orange;\r\n    border-radius: 8px;\r\n  }\r\n\r\n  .drink-info {\r\n    flex: 1 1 55%;\r\n    border: 1px solid orange;\r\n    border-radius: 8px;\r\n    padding: 15px;\r\n  }\r\n\r\n  .drink-tags {\r\n    display: flex;\r\n    flex-wrap: wrap;\r\n    gap: 8px;\r\n    margin-bottom: 10px;\r\n  }\r\n\r\n  .tag {\r\n    border: 1px solid orange;\r\n    border-radius: 12px;\r\n    padding: 4px 10px;\r\n    font-size: 12px;\r\n    color: orange;\r\n    font-weight: bold;\r\n  }\r\n\r\n  .collapsible {\r\n    background: none;\r\n    border: none;\r\n    width: 100%;\r\n    text-align: left;\r\n    cursor: pointer;\r\n    margin-top: 10px;\r\n    font-family: Helvetica;\r\n    box-shadow: none;\r\n  }\r\n\r\n  .collapsible > div {\r\n    display: flex;\r\n    align-items: center;\r\n    justify-content: space-between;\r\n  }\r\n\r\n  .collapsible > div > p:first-child {\r\n    color: orange;\r\n    font-weight: bold;\r\n    font-size: 22px;\r\n    margin: 0;\r\n  }\r\n\r\n  .collapsible-content {\r\n    display: none;\r\n    margin-top: 10px;\r\n    padding: 15px;\r\n    border: 1px solid orange;\r\n    border-radius: 6px;\r\n  }\r\n\r\n  .drink-footer {\r\n    margin-top: 15px;\r\n    display: flex;\r\n    flex-wrap: wrap;\r\n    gap: 12px; \/* space between buttons *\/\r\n    :hover {\r\n        background-color: orange;\r\n        color: white;\r\n    }\r\n  }\r\n\r\n  .drink-footer button {\r\n    display: flex;\r\n    align-items: center;\r\n    gap: 6px;\r\n    padding: 4px 10px;\r\n    border: 1px solid orange;\r\n    border-radius: 12px;\r\n    background: none;\r\n    color: orange;\r\n    font-family: Candara;\r\n    font-size: 16px;\r\n    cursor: pointer;\r\n  }\r\n  \r\n  .drink-footer .active {\r\n        background-color: orange;\r\n        color: white;\r\n        cursor: default;\r\n        pointer-events: none;\r\n  }\r\n\r\n  .drink-footer button svg {\r\n    display: block;\r\n    width: 14px;\r\n    height: 20px;\r\n  }\r\n\r\n  .drink-footer button p {\r\n    margin: 0;\r\n  }\r\n<\/style>\r\n\r\n<div class=\"drink-card\">\r\n  <h2>Pineapple \/ Peach<\/h2>\r\n  <div class=\"drink-content\">\r\n    <div class=\"drink-image\">\r\n      <img decoding=\"async\" src=\"https:\/\/hidrinks.dk\/wp-content\/uploads\/2025\/02\/pineapple-peach.png\" alt=\"Pineapple Peach\">\r\n    <\/div>\r\n\r\n    <div class=\"drink-info\">\r\n      <h3>Description<\/h3>\r\n      <p>Our fresh and fruity combination of pineapple and peach. <br\/>\r\n<b>Low on Bullshit. Hi on Energy.<\/b><\/p>\r\n\r\n      <div class=\"drink-tags\">\r\n        <div class=\"tag\">+ VITAMINS<\/div>\r\n        <div class=\"tag\">+ REAL FRUIT JUICE<\/div>\r\n        <div class=\"tag\">+ PRODUCED IN DENMARK<\/div>\r\n      <\/div>\r\n\r\n      <button type=\"button\" class=\"collapsible\">\r\n        <div>\r\n          <p style=\"color: black;\">Ingredients<\/p>\r\n          <svg aria-hidden=\"true\" viewbox=\"0 0 512 512\" style=\"width: 30px; height: 30px;\">\r\n            <path d=\"M256 8C119 8 8 119 8 256s111 248 248 248 248-111 248-248S393 8 256 8zm0 448c-110.5 0-200-89.5-200-200S145.5 56 256 56s200 89.5 200 200-89.5 200-200 200zm-32-316v116h-67c-10.7 0-16 12.9-8.5 20.5l99 99c4.7 4.7 12.3 4.7 17 0l99-99c7.6-7.6 2.2-20.5-8.5-20.5h-67V140c0-6.6-5.4-12-12-12h-40c-6.6 0-12 5.4-12 12z\"><\/path>\r\n          <\/svg>\r\n        <\/div>\r\n      <\/button>\r\n      <div class=\"collapsible-content\">\r\n        <p>Carbonated water, juice concentrate (pineapple 10%, peach), coconut water, wheatgrass juice, monk fruit essence, pectin, citric acid, natural caffeine from guarana and green coffee beans (32 mg \/ 100 ml), ginseng extract, green tea extract, vitamins (niacin, pantothenic acid, B6, B12, D).<\/p>\r\n      <\/div>\r\n\r\n      <button type=\"button\" class=\"collapsible\">\r\n        <div>\r\n          <p style=\"color: black;\">Nutritional information<\/p>\r\n          <svg aria-hidden=\"true\" viewbox=\"0 0 512 512\" style=\"width: 30px; height: 30px;\">\r\n            <path d=\"M256 8C119 8 8 119 8 256s111 248 248 248 248-111 248-248S393 8 256 8zm0 448c-110.5 0-200-89.5-200-200S145.5 56 256 56s200 89.5 200 200-89.5 200-200 200zm-32-316v116h-67c-10.7 0-16 12.9-8.5 20.5l99 99c4.7 4.7 12.3 4.7 17 0l99-99c7.6-7.6 2.2-20.5-8.5-20.5h-67V140c0-6.6-5.4-12-12-12h-40c-6.6 0-12 5.4-12 12z\"><\/path>\r\n          <\/svg>\r\n        <\/div>\r\n      <\/button>\r\n      <div class=\"collapsible-content\">\r\n        <p>Per 100 ml:<br>\r\n        Energy: 67.2 kJ \/ 16.1 kcal<br>\r\n        Fat: &lt;0.1 g<br>\r\n        - of which saturates: 0 g<br>\r\n        Carbohydrate: 3.5 g<br>\r\n        - of which sugars: 3.3 g<br>\r\n        Fibre: 0.2 g<br>\r\n        Protein: &lt;0.1 g<br>\r\n        Salt: &lt;0.1 g<br>\r\n        Vitamin B3 (Niacin): 4.8 mg = 30%*<br>\r\n        Vitamin B5 (Pantothenic acid): 1.8 mg = 30%*<br>\r\n        Vitamin B6: 0.43 mg = 30%*<br>\r\n        Vitamin B12: 0.75 \u00b5g = 30%*<br>\r\n        Vitamin D: 1.5 \u00b5g = 30%*<br>\r\n        * of daily reference intake<\/p>\r\n      <\/div>\r\n\r\n      <div style=\"margin-top: 30px\">\r\n        <p>Other products:<\/p>\r\n        <div class=\"drink-footer\">\r\n          <button onclick=\"window.location.href='https:\/\/hidrinks.dk\/blackberry-lime';\">\r\n            <svg viewbox=\"0 0 100 100\">\r\n              <circle cx=\"50\" cy=\"50\" r=\"45\" fill=\"#2B66AD\" \/>\r\n            <\/svg>\r\n            <p>Blackberry \/ Lime<\/p>\r\n          <\/button>\r\n          <button class=\"active\" onclick=\"window.location.href='https:\/\/hidrinks.dk\/pineapple-peach';\">\r\n            <svg viewbox=\"0 0 100 100\">\r\n              <circle cx=\"50\" cy=\"50\" r=\"45\" fill=\"#ECAD4A\" \/>\r\n            <\/svg>\r\n            <p>Pineapple \/ Peach<\/p>\r\n          <\/button>\r\n          <button onclick=\"window.location.href='https:\/\/hidrinks.dk\/mandarin-passionfruit';\">\r\n            <svg viewbox=\"0 0 100 100\">\r\n              <circle cx=\"50\" cy=\"50\" r=\"45\" fill=\"#CA5A4B\" \/>\r\n            <\/svg>\r\n            <p>Mandarin \/ Passionfruit<\/p>\r\n          <\/button>\r\n          <button onclick=\"window.location.href='https:\/\/hidrinks.dk\/lemon-ginger-elderflower';\">\r\n            <svg viewbox=\"0 0 100 100\">\r\n              <circle cx=\"50\" cy=\"50\" r=\"45\" fill=\"#BEBFBB\" \/>\r\n            <\/svg>\r\n            <p>Lemon \/ Ginger \/ Elderflower<\/p>\r\n          <\/button>\r\n        <\/div>\r\n      <\/div>\r\n    <\/div>\r\n  <\/div>\r\n<\/div>\r\n\r\n\r\n<script>\r\ndocument.addEventListener('DOMContentLoaded', function() {\r\n  const collapsibles = carousel.querySelectorAll('.collapsible');\r\n  \r\n  \/\/ Collapsible sections\r\n  collapsibles.forEach(button => {\r\n    button.addEventListener('click', () => {\r\n      button.classList.toggle('open');\r\n    });\r\n  });\r\n});\r\n<\/script>\r\n\t\t\t\t<\/div>\n\t\t\t\t<\/div>\n\t\t\t\t\t<\/div>\n\t\t\t\t<\/div>\n\t\t\t\t<\/div>","protected":false},"excerpt":{"rendered":"<p>Pineapple \/ Peach Beskrivelse Vores friske og frugtagtige kombination af ananas og fersken. Low on Bullshit. Hi on Energy. + VITAMINER + \u00c6GTE FRUGT JUICE + PRODUCERET I DANMARK Ingredienser Kulsyreholdigt vand, juicekoncentrat (ananas 10%, fersken), kokosvand, hvedegr\u00e6sjuice, munkefrugtessens, pectin, citronsyre, naturlig koffein fra guarana og gr\u00f8nne kaffeb\u00f8nner (32 mg \/ 100ml), ginseng ekstrakt, gr\u00f8n [&hellip;]<\/p>","protected":false},"author":1,"featured_media":0,"parent":3464,"menu_order":0,"comment_status":"closed","ping_status":"closed","template":"","meta":{"_helpful_status":1,"_uag_custom_page_level_css":"","site-sidebar-layout":"no-sidebar","site-content-layout":"","ast-site-content-layout":"full-width-container","site-content-style":"default","site-sidebar-style":"default","ast-global-header-display":"","ast-banner-title-visibility":"","ast-main-header-display":"","ast-hfb-above-header-display":"","ast-hfb-below-header-display":"","ast-hfb-mobile-header-display":"","site-post-title":"disabled","ast-breadcrumbs-content":"","ast-featured-img":"disabled","footer-sml-layout":"","theme-transparent-header-meta":"","adv-header-id-meta":"","stick-header-meta":"","header-above-stick-meta":"","header-main-stick-meta":"","header-below-stick-meta":"","astra-migrate-meta-layouts":"default","ast-page-background-enabled":"default","ast-page-background-meta":{"desktop":{"background-color":"var(--ast-global-color-5)","background-image":"","background-repeat":"repeat","background-position":"center center","background-size":"auto","background-attachment":"scroll","background-type":"","background-media":"","overlay-type":"","overlay-color":"","overlay-opacity":"","overlay-gradient":""},"tablet":{"background-color":"","background-image":"","background-repeat":"repeat","background-position":"center center","background-size":"auto","background-attachment":"scroll","background-type":"","background-media":"","overlay-type":"","overlay-color":"","overlay-opacity":"","overlay-gradient":""},"mobile":{"background-color":"","background-image":"","background-repeat":"repeat","background-position":"center center","background-size":"auto","background-attachment":"scroll","background-type":"","background-media":"","overlay-type":"","overlay-color":"","overlay-opacity":"","overlay-gradient":""}},"ast-content-background-meta":{"desktop":{"background-color":"var(--ast-global-color-4)","background-image":"","background-repeat":"repeat","background-position":"center center","background-size":"auto","background-attachment":"scroll","background-type":"","background-media":"","overlay-type":"","overlay-color":"","overlay-opacity":"","overlay-gradient":""},"tablet":{"background-color":"var(--ast-global-color-4)","background-image":"","background-repeat":"repeat","background-position":"center center","background-size":"auto","background-attachment":"scroll","background-type":"","background-media":"","overlay-type":"","overlay-color":"","overlay-opacity":"","overlay-gradient":""},"mobile":{"background-color":"var(--ast-global-color-4)","background-image":"","background-repeat":"repeat","background-position":"center center","background-size":"auto","background-attachment":"scroll","background-type":"","background-media":"","overlay-type":"","overlay-color":"","overlay-opacity":"","overlay-gradient":""}},"footnotes":""},"class_list":["post-3551","page","type-page","status-publish","hentry"],"uagb_featured_image_src":{"full":false,"thumbnail":false,"medium":false,"medium_large":false,"large":false,"1536x1536":false,"2048x2048":false,"trp-custom-language-flag":false},"uagb_author_info":{"display_name":"admin","author_link":"https:\/\/hidrinks.dk\/en\/author\/admin\/"},"uagb_comment_info":0,"uagb_excerpt":"Pineapple \/ Peach Beskrivelse Vores friske og frugtagtige kombination af ananas og fersken. Low on Bullshit. Hi on Energy. + VITAMINER + \u00c6GTE FRUGT JUICE + PRODUCERET I DANMARK Ingredienser Kulsyreholdigt vand, juicekoncentrat (ananas 10%, fersken), kokosvand, hvedegr\u00e6sjuice, munkefrugtessens, pectin, citronsyre, naturlig koffein fra guarana og gr\u00f8nne kaffeb\u00f8nner (32 mg \/ 100ml), ginseng ekstrakt, gr\u00f8n&hellip;","_links":{"self":[{"href":"https:\/\/hidrinks.dk\/en\/wp-json\/wp\/v2\/pages\/3551","targetHints":{"allow":["GET"]}}],"collection":[{"href":"https:\/\/hidrinks.dk\/en\/wp-json\/wp\/v2\/pages"}],"about":[{"href":"https:\/\/hidrinks.dk\/en\/wp-json\/wp\/v2\/types\/page"}],"author":[{"embeddable":true,"href":"https:\/\/hidrinks.dk\/en\/wp-json\/wp\/v2\/users\/1"}],"replies":[{"embeddable":true,"href":"https:\/\/hidrinks.dk\/en\/wp-json\/wp\/v2\/comments?post=3551"}],"version-history":[{"count":25,"href":"https:\/\/hidrinks.dk\/en\/wp-json\/wp\/v2\/pages\/3551\/revisions"}],"predecessor-version":[{"id":3929,"href":"https:\/\/hidrinks.dk\/en\/wp-json\/wp\/v2\/pages\/3551\/revisions\/3929"}],"up":[{"embeddable":true,"href":"https:\/\/hidrinks.dk\/en\/wp-json\/wp\/v2\/pages\/3464"}],"wp:attachment":[{"href":"https:\/\/hidrinks.dk\/en\/wp-json\/wp\/v2\/media?parent=3551"}],"curies":[{"name":"wp","href":"https:\/\/api.w.org\/{rel}","templated":true}]}}