{"id":3,"date":"2025-02-18T09:40:25","date_gmt":"2025-02-18T09:40:25","guid":{"rendered":"https:\/\/hidrinks.dk\/?page_id=3"},"modified":"2025-03-12T10:47:10","modified_gmt":"2025-03-12T09:47:10","slug":"privacy-policy","status":"publish","type":"page","link":"https:\/\/hidrinks.dk\/en\/privacy-policy\/","title":{"rendered":"Privacy Policy"},"content":{"rendered":"<h3 class=\"wp-block-heading\">Privacy Policy<\/h3>\n\n\n\n<p>At Hidrinks, we prioritize data security and confidentiality. This<br>privacy policy outlines how Hidrinks, as the data controller, collects and<br>processes your personal data in connection with the use of Hidrinks, including<br>membership registration, newsletter subscriptions, and the sending of<br>marketing materials, etc.<br>We encourage you to read this privacy policy thoroughly so that you understand<br>how we handle and use your data. If you have any questions about<br>how Hidrinks processes your personal data, please feel free<br>to contact us at info@hidrinks.dk.<\/p>\n\n\n\n<p><br>This privacy policy covers the following topics:<br>1. Categories of personal data and purposes<br>2. Disclosure and transfer of personal data<br>3. Retention period<br>4. Your rights<br>5. Contact<br>6. Changes to this policy<\/p>\n\n\n\n<p><br>1. Categories of personal data and purposes<br>Newsletter Subscription<br>We collect, register, and process the following types of personal data about you:<\/p>\n\n\n\n<p>\u2022 Email address. <\/p>\n\n\n\n<p><\/p>\n\n\n\n<p>The personal data is collected and processed for the following purposes:<br>\u2022 Sending newsletters, including information about our offers and<br>activities, as well as marketing materials that you have consented to receive.<\/p>\n\n\n\n<p>\u2022 Statistics and analysis for internal development and improvement of hidrinks.dk<br>offerings, including placing relevant advertisements on the site.<\/p>\n\n\n\n<p><br>When we collect personal data directly from you for the purposes outlined above<br>, your provide the personal data voluntarily. You are not<br>obligated to provide this personal data to us. If you choose not to provide<br>the data, the consequence will be that you cannot receive the requested<br>service, such as the newsletter.<\/p>\n\n\n\n<p><br>hidrinks.dk processes personal data for marketing purposes<br>in accordance with applicable legislation, including the requirement to obtain consent before<br>sending electronic marketing. You may withdraw your consent at any time,<br>and we will stop processing your data. However,<br>withdrawing consent will not affect the lawfulness of<br>processing that occurred before the withdrawal.<\/p>\n\n\n\n<p><br>2. Disclosure and Transfer of Personal Data<br>We only give our suppliers access to personal data to the extent<br>necessary to provide the service you use.<\/p>\n\n\n\n<p><br>3. Retention period<br>hidrinks.dk retains personal data and information for 5 years in accordance with<br>accounting obligations. For newsletter subscriptions,<br>personal data is retained until a potential unsubscription. For membership registration<br>on hidrinks.dk, personal data is retained until<br>membership is deleted.<\/p>\n\n\n\n<p><br>4. Your rights<br>You have the right at any time to be informed of the personal data we have recorded<br>about you and to request corrections or limitations on the processing of your<br>personal data. Upon request, we will delete your personal data<br>unless we have a legal basis to continue processing it<br>(e.g., invoicing).<br>You also have the right to file a complaint with the Danish Data Protection Agency, Borgergade 28, 5., 1300 Copenhagen K.<br><\/p>\n\n\n\n<div style=\"height:30px\" aria-hidden=\"true\" class=\"wp-block-spacer\"><\/div>\n\n\n\n<p>5. Contact<br>You are always welcome to contact us if you have questions regarding<br>the protection of your personal data or wish to exercise your rights. You<br>can contact us at info@hidrinks.dk.<\/p>\n\n\n\n<p>Address Information:<br>Hi drinks A\/S<\/p>\n\n\n\n<p>Falkoner All\u00e9 1, 3. sal<br>2000 Frederiksberg<\/p>\n\n\n\n<div style=\"height:30px\" aria-hidden=\"true\" class=\"wp-block-spacer\"><\/div>\n\n\n\n<p>6. Changes to This Policy<br>We reserve the right to change this privacy notice. Any changes<br>will be published on this page.<\/p>\n\n\n\n<div style=\"height:50px\" aria-hidden=\"true\" class=\"wp-block-spacer\"><\/div>\n\n\n\n<h3 class=\"wp-block-heading\">Cookies<\/h3>\n\n\n\n<p>Cookie Policy<br>Here you can read about cookies, the small data files that are stored on your computer<br>when you visit a website. And believe it or not, these cookies are neither<br>harmful to you nor your computer. Quite the opposite, in fact.<br><\/p>\n\n\n\n<p>Cookies on Hidrinks.dk<br>Like most other websites, hidrinks.dk uses cookies to store<br>information about your journey on our site. You probably won\u2019t notice them, but<br>these cookies help provide both you and others with a better experience on the site.<\/p>\n\n\n\n<p>It is, in fact, cookies that enable us to:<br>Learn about users' behavior and continuously improve our site. For example,<br>by storing data on which browsers are most frequently used, we can adjust<br>our site accordingly, making your experience even better.<br>Present the most relevant content to you, based on factors such as how<br>often you visit the site or which features you use most frequently.<\/p>\n\n\n\n<p><br>Hidrinks.dk uses the following cookies:<br>Your Consent<br>When you give us consent to store cookies, this consent is solely valid<br>for the domain www.hidrinks.dk. This means that we will never be able to see, for example,<br>which other pages you visit, your payment card details, or other<br>content on your computer.<\/p>\n\n\n\n<p>Had Enough of Cookies? Here\u2019s How to Remove Them<\/p>\n\n\n\n<p>You always have the option to delete accepted cookies through your<br>browser settings.<br>On the Danish Internet Trade Association\u2019s website, you can find a guide<br>on how to remove accepted cookies and reject them going forward.<\/p>\n\n\n\n<div style=\"height:50px\" aria-hidden=\"true\" class=\"wp-block-spacer\"><\/div>","protected":false},"excerpt":{"rendered":"<p>Privatlivspolitik Hos Hidrinks prioriterer vi datasikkerhed og fortrolighed h\u00f8jt. Denneprivatlivspolitik beskriver, hvordan Hidrinks som dataansvarlig indsamler ogbehandler dine persondata i forbindelse med brugen af Hidrinks herunderoprettelse af medlemskab, tilmelding til nyhedsbreve og udsendelse afmarkedsf\u00f8ringsmateriale m.m.Vi opfordrer dig til at l\u00e6se denne privatlivspolitik grundigt, s\u00e5 du ved,hvordan vi behandler og anvender dine data. Hvis du har [&hellip;]<\/p>","protected":false},"author":1,"featured_media":0,"parent":0,"menu_order":0,"comment_status":"closed","ping_status":"open","template":"","meta":{"_helpful_status":1,"_uag_custom_page_level_css":"","site-sidebar-layout":"no-sidebar","site-content-layout":"","ast-site-content-layout":"normal-width-container","site-content-style":"unboxed","site-sidebar-style":"default","ast-global-header-display":"","ast-banner-title-visibility":"","ast-main-header-display":"","ast-hfb-above-header-display":"","ast-hfb-below-header-display":"","ast-hfb-mobile-header-display":"","site-post-title":"disabled","ast-breadcrumbs-content":"","ast-featured-img":"","footer-sml-layout":"","theme-transparent-header-meta":"","adv-header-id-meta":"","stick-header-meta":"","header-above-stick-meta":"","header-main-stick-meta":"","header-below-stick-meta":"","astra-migrate-meta-layouts":"default","ast-page-background-enabled":"default","ast-page-background-meta":{"desktop":{"background-color":"var(--ast-global-color-5)","background-image":"","background-repeat":"repeat","background-position":"center center","background-size":"auto","background-attachment":"scroll","background-type":"","background-media":"","overlay-type":"","overlay-color":"","overlay-opacity":"","overlay-gradient":""},"tablet":{"background-color":"","background-image":"","background-repeat":"repeat","background-position":"center center","background-size":"auto","background-attachment":"scroll","background-type":"","background-media":"","overlay-type":"","overlay-color":"","overlay-opacity":"","overlay-gradient":""},"mobile":{"background-color":"","background-image":"","background-repeat":"repeat","background-position":"center center","background-size":"auto","background-attachment":"scroll","background-type":"","background-media":"","overlay-type":"","overlay-color":"","overlay-opacity":"","overlay-gradient":""}},"ast-content-background-meta":{"desktop":{"background-color":"var(--ast-global-color-4)","background-image":"","background-repeat":"repeat","background-position":"center center","background-size":"auto","background-attachment":"scroll","background-type":"","background-media":"","overlay-type":"","overlay-color":"","overlay-opacity":"","overlay-gradient":""},"tablet":{"background-color":"var(--ast-global-color-4)","background-image":"","background-repeat":"repeat","background-position":"center center","background-size":"auto","background-attachment":"scroll","background-type":"","background-media":"","overlay-type":"","overlay-color":"","overlay-opacity":"","overlay-gradient":""},"mobile":{"background-color":"var(--ast-global-color-4)","background-image":"","background-repeat":"repeat","background-position":"center center","background-size":"auto","background-attachment":"scroll","background-type":"","background-media":"","overlay-type":"","overlay-color":"","overlay-opacity":"","overlay-gradient":""}},"footnotes":""},"class_list":["post-3","page","type-page","status-publish","hentry"],"uagb_featured_image_src":{"full":false,"thumbnail":false,"medium":false,"medium_large":false,"large":false,"1536x1536":false,"2048x2048":false,"trp-custom-language-flag":false},"uagb_author_info":{"display_name":"admin","author_link":"https:\/\/hidrinks.dk\/en\/author\/admin\/"},"uagb_comment_info":0,"uagb_excerpt":"Privatlivspolitik Hos Hidrinks prioriterer vi datasikkerhed og fortrolighed h\u00f8jt. Denneprivatlivspolitik beskriver, hvordan Hidrinks som dataansvarlig indsamler ogbehandler dine persondata i forbindelse med brugen af Hidrinks herunderoprettelse af medlemskab, tilmelding til nyhedsbreve og udsendelse afmarkedsf\u00f8ringsmateriale m.m.Vi opfordrer dig til at l\u00e6se denne privatlivspolitik grundigt, s\u00e5 du ved,hvordan vi behandler og anvender dine data. Hvis du har&hellip;","_links":{"self":[{"href":"https:\/\/hidrinks.dk\/en\/wp-json\/wp\/v2\/pages\/3","targetHints":{"allow":["GET"]}}],"collection":[{"href":"https:\/\/hidrinks.dk\/en\/wp-json\/wp\/v2\/pages"}],"about":[{"href":"https:\/\/hidrinks.dk\/en\/wp-json\/wp\/v2\/types\/page"}],"author":[{"embeddable":true,"href":"https:\/\/hidrinks.dk\/en\/wp-json\/wp\/v2\/users\/1"}],"replies":[{"embeddable":true,"href":"https:\/\/hidrinks.dk\/en\/wp-json\/wp\/v2\/comments?post=3"}],"version-history":[{"count":21,"href":"https:\/\/hidrinks.dk\/en\/wp-json\/wp\/v2\/pages\/3\/revisions"}],"predecessor-version":[{"id":1621,"href":"https:\/\/hidrinks.dk\/en\/wp-json\/wp\/v2\/pages\/3\/revisions\/1621"}],"wp:attachment":[{"href":"https:\/\/hidrinks.dk\/en\/wp-json\/wp\/v2\/media?parent=3"}],"curies":[{"name":"wp","href":"https:\/\/api.w.org\/{rel}","templated":true}]}}